{"id":145,"date":"2025-11-27T08:21:35","date_gmt":"2025-11-27T08:21:35","guid":{"rendered":"https:\/\/regie-broye.onyx.casasoft.ch\/mentions-legales\/"},"modified":"2025-11-28T09:26:12","modified_gmt":"2025-11-28T09:26:12","slug":"impressum","status":"publish","type":"page","link":"https:\/\/regie-broye.ch\/de\/impressum\/","title":{"rendered":"Impressum"},"content":{"rendered":"<div class=\"casawp-legal__page casawp-legal__page--imprint\"><p>\n\t<strong>G\u00e9rance Immobili\u00e8re de la Broye SA<\/strong>\n\n\t\t<br>Rue du Camus 2\n\n\n\t\t<br>1470 Estavayer-le-Lac\n\n\t\t<br>Schweiz\n<\/p>\n<p>\n\t\tTel +41 26 552 50 30\n\t\t<br><a href=\"mailto:info@regie-broye.ch\">info@regie-broye.ch<\/a>\n<\/p>\n\n\t<p><br>UID: 113.677.632 MWST<\/p>\n<br>\n<p><strong>Realisierung<\/strong><\/p>\n<p><strong>Casasoft AG<\/strong><br>\nThurgauerstrasse 36<br>\n8050 Z\u00fcrich<br>\n<a href=\"https:\/\/casasoft.ch\" target=\"_blank\">www.casasoft.ch<\/a><\/p>\n<\/div>","protected":false},"excerpt":{"rendered":"<p>G\u00e9rance Immobili\u00e8re de la Broye SA Rue du Camus 2 1470 Estavayer-le-Lac Schweiz Tel +41 26 552 50 30 info@regie-broye.ch UID: 113.677.632 MWST Realisierung Casasoft AG Thurgauerstrasse 36 8050 Z\u00fcrich www.casasoft.ch<\/p>\n","protected":false},"author":1,"featured_media":0,"parent":0,"menu_order":0,"comment_status":"closed","ping_status":"closed","template":"container-page.php","meta":{"_acf_changed":false,"inline_featured_image":false,"footnotes":""},"class_list":["post-145","page","type-page","status-publish","hentry"],"acf":[],"yoast_head":"<!-- This site is optimized with the Yoast SEO plugin v27.5 - https:\/\/yoast.com\/product\/yoast-seo-wordpress\/ -->\n<title>Impressum - R\u00e9gie de La Broye<\/title>\n<meta name=\"robots\" content=\"index, follow, max-snippet:-1, max-image-preview:large, max-video-preview:-1\" \/>\n<link rel=\"canonical\" href=\"https:\/\/regie-broye.ch\/mentions-legales\/\" \/>\n<meta property=\"og:locale\" content=\"de_DE\" \/>\n<meta property=\"og:type\" content=\"article\" \/>\n<meta property=\"og:title\" content=\"Impressum - R\u00e9gie de La Broye\" \/>\n<meta property=\"og:description\" content=\"G\u00e9rance Immobili\u00e8re de la Broye SA Rue du Camus 2 1470 Estavayer-le-Lac Schweiz Tel +41 26 552 50 30 info@regie-broye.ch UID: 113.677.632 MWST Realisierung Casasoft AG Thurgauerstrasse 36 8050 Z\u00fcrich www.casasoft.ch\" \/>\n<meta property=\"og:url\" content=\"https:\/\/regie-broye.ch\/mentions-legales\/\" \/>\n<meta property=\"og:site_name\" content=\"R\u00e9gie de La Broye\" \/>\n<meta property=\"article:modified_time\" content=\"2025-11-28T09:26:12+00:00\" \/>\n<meta property=\"og:image\" content=\"https:\/\/regie-broye.ch\/wp-content\/uploads\/sites\/19\/2025\/11\/download.png\" \/>\n<meta name=\"twitter:card\" content=\"summary_large_image\" \/>\n<script type=\"application\/ld+json\" class=\"yoast-schema-graph\">{\"@context\":\"https:\\\/\\\/schema.org\",\"@graph\":[{\"@type\":\"WebPage\",\"@id\":\"https:\\\/\\\/regie-broye.ch\\\/mentions-legales\\\/\",\"url\":\"https:\\\/\\\/regie-broye.ch\\\/mentions-legales\\\/\",\"name\":\"Impressum - R\u00e9gie de La Broye\",\"isPartOf\":{\"@id\":\"https:\\\/\\\/regie-broye.ch\\\/#website\"},\"datePublished\":\"2025-11-27T08:21:35+00:00\",\"dateModified\":\"2025-11-28T09:26:12+00:00\",\"breadcrumb\":{\"@id\":\"https:\\\/\\\/regie-broye.ch\\\/mentions-legales\\\/#breadcrumb\"},\"inLanguage\":\"de\",\"potentialAction\":[{\"@type\":\"ReadAction\",\"target\":[\"https:\\\/\\\/regie-broye.ch\\\/mentions-legales\\\/\"]}]},{\"@type\":\"BreadcrumbList\",\"@id\":\"https:\\\/\\\/regie-broye.ch\\\/mentions-legales\\\/#breadcrumb\",\"itemListElement\":[{\"@type\":\"ListItem\",\"position\":1,\"name\":\"Home\",\"item\":\"https:\\\/\\\/regie-broye.ch\\\/de\\\/\"},{\"@type\":\"ListItem\",\"position\":2,\"name\":\"Impressum\"}]},{\"@type\":\"WebSite\",\"@id\":\"https:\\\/\\\/regie-broye.ch\\\/#website\",\"url\":\"https:\\\/\\\/regie-broye.ch\\\/\",\"name\":\"R\u00e9gie de La Broye\",\"description\":\"\",\"publisher\":{\"@id\":\"https:\\\/\\\/regie-broye.ch\\\/#organization\"},\"potentialAction\":[{\"@type\":\"SearchAction\",\"target\":{\"@type\":\"EntryPoint\",\"urlTemplate\":\"https:\\\/\\\/regie-broye.ch\\\/?s={search_term_string}\"},\"query-input\":{\"@type\":\"PropertyValueSpecification\",\"valueRequired\":true,\"valueName\":\"search_term_string\"}}],\"inLanguage\":\"de\"},{\"@type\":\"Organization\",\"@id\":\"https:\\\/\\\/regie-broye.ch\\\/#organization\",\"name\":\"R\u00e9gie de La Broye\",\"url\":\"https:\\\/\\\/regie-broye.ch\\\/\",\"logo\":{\"@type\":\"ImageObject\",\"inLanguage\":\"de\",\"@id\":\"https:\\\/\\\/regie-broye.ch\\\/#\\\/schema\\\/logo\\\/image\\\/\",\"url\":\"https:\\\/\\\/regie-broye.ch\\\/wp-content\\\/uploads\\\/sites\\\/19\\\/2025\\\/11\\\/download.png\",\"contentUrl\":\"https:\\\/\\\/regie-broye.ch\\\/wp-content\\\/uploads\\\/sites\\\/19\\\/2025\\\/11\\\/download.png\",\"width\":973,\"height\":379,\"caption\":\"R\u00e9gie de La Broye\"},\"image\":{\"@id\":\"https:\\\/\\\/regie-broye.ch\\\/#\\\/schema\\\/logo\\\/image\\\/\"}}]}<\/script>\n<!-- \/ Yoast SEO plugin. -->","yoast_head_json":{"title":"Impressum - R\u00e9gie de La Broye","robots":{"index":"index","follow":"follow","max-snippet":"max-snippet:-1","max-image-preview":"max-image-preview:large","max-video-preview":"max-video-preview:-1"},"canonical":"https:\/\/regie-broye.ch\/mentions-legales\/","og_locale":"de_DE","og_type":"article","og_title":"Impressum - R\u00e9gie de La Broye","og_description":"G\u00e9rance Immobili\u00e8re de la Broye SA Rue du Camus 2 1470 Estavayer-le-Lac Schweiz Tel +41 26 552 50 30 info@regie-broye.ch UID: 113.677.632 MWST Realisierung Casasoft AG Thurgauerstrasse 36 8050 Z\u00fcrich www.casasoft.ch","og_url":"https:\/\/regie-broye.ch\/mentions-legales\/","og_site_name":"R\u00e9gie de La Broye","article_modified_time":"2025-11-28T09:26:12+00:00","og_image":[{"url":"https:\/\/regie-broye.ch\/wp-content\/uploads\/sites\/19\/2025\/11\/download.png","type":"","width":"","height":""}],"twitter_card":"summary_large_image","schema":{"@context":"https:\/\/schema.org","@graph":[{"@type":"WebPage","@id":"https:\/\/regie-broye.ch\/mentions-legales\/","url":"https:\/\/regie-broye.ch\/mentions-legales\/","name":"Impressum - R\u00e9gie de La Broye","isPartOf":{"@id":"https:\/\/regie-broye.ch\/#website"},"datePublished":"2025-11-27T08:21:35+00:00","dateModified":"2025-11-28T09:26:12+00:00","breadcrumb":{"@id":"https:\/\/regie-broye.ch\/mentions-legales\/#breadcrumb"},"inLanguage":"de","potentialAction":[{"@type":"ReadAction","target":["https:\/\/regie-broye.ch\/mentions-legales\/"]}]},{"@type":"BreadcrumbList","@id":"https:\/\/regie-broye.ch\/mentions-legales\/#breadcrumb","itemListElement":[{"@type":"ListItem","position":1,"name":"Home","item":"https:\/\/regie-broye.ch\/de\/"},{"@type":"ListItem","position":2,"name":"Impressum"}]},{"@type":"WebSite","@id":"https:\/\/regie-broye.ch\/#website","url":"https:\/\/regie-broye.ch\/","name":"R\u00e9gie de La Broye","description":"","publisher":{"@id":"https:\/\/regie-broye.ch\/#organization"},"potentialAction":[{"@type":"SearchAction","target":{"@type":"EntryPoint","urlTemplate":"https:\/\/regie-broye.ch\/?s={search_term_string}"},"query-input":{"@type":"PropertyValueSpecification","valueRequired":true,"valueName":"search_term_string"}}],"inLanguage":"de"},{"@type":"Organization","@id":"https:\/\/regie-broye.ch\/#organization","name":"R\u00e9gie de La Broye","url":"https:\/\/regie-broye.ch\/","logo":{"@type":"ImageObject","inLanguage":"de","@id":"https:\/\/regie-broye.ch\/#\/schema\/logo\/image\/","url":"https:\/\/regie-broye.ch\/wp-content\/uploads\/sites\/19\/2025\/11\/download.png","contentUrl":"https:\/\/regie-broye.ch\/wp-content\/uploads\/sites\/19\/2025\/11\/download.png","width":973,"height":379,"caption":"R\u00e9gie de La Broye"},"image":{"@id":"https:\/\/regie-broye.ch\/#\/schema\/logo\/image\/"}}]}},"_links":{"self":[{"href":"https:\/\/regie-broye.ch\/de\/wp-json\/wp\/v2\/pages\/145","targetHints":{"allow":["GET"]}}],"collection":[{"href":"https:\/\/regie-broye.ch\/de\/wp-json\/wp\/v2\/pages"}],"about":[{"href":"https:\/\/regie-broye.ch\/de\/wp-json\/wp\/v2\/types\/page"}],"author":[{"embeddable":true,"href":"https:\/\/regie-broye.ch\/de\/wp-json\/wp\/v2\/users\/1"}],"replies":[{"embeddable":true,"href":"https:\/\/regie-broye.ch\/de\/wp-json\/wp\/v2\/comments?post=145"}],"version-history":[{"count":0,"href":"https:\/\/regie-broye.ch\/de\/wp-json\/wp\/v2\/pages\/145\/revisions"}],"wp:attachment":[{"href":"https:\/\/regie-broye.ch\/de\/wp-json\/wp\/v2\/media?parent=145"}],"curies":[{"name":"wp","href":"https:\/\/api.w.org\/{rel}","templated":true}]}}