{"id":129,"date":"2025-11-25T08:41:42","date_gmt":"2025-11-25T08:41:42","guid":{"rendered":"https:\/\/regie-broye.onyx.casasoft.ch\/administration-ppe\/"},"modified":"2026-01-05T13:09:33","modified_gmt":"2026-01-05T13:09:33","slug":"stweg-verwaltung","status":"publish","type":"page","link":"https:\/\/regie-broye.ch\/de\/stweg-verwaltung\/","title":{"rendered":"STWEG-Verwaltung"},"content":{"rendered":"\n<div class=\"wp-block-casasoft-blocks-container  bg-white align-items-lg-center cs-hero\"><div class=\"container\">\n<div class=\"wp-block-columns is-layout-flex wp-container-core-columns-is-layout-28f84493 wp-block-columns-is-layout-flex\">\n<div class=\"wp-block-column is-layout-flow wp-block-column-is-layout-flow\">\n<div class=\"wp-block-casasoft-blocks-card cs-card border-radius  large bg-white\"><div class=\"cs-card-content\">\n<div class=\"wp-block-casasoft-blocks-heading cs-heading\"><div class=\"cs-supertitle\">Wir unterst\u00fctzen Sie<\/div><h1 class=\"\">STWEG-Verwaltung<\/h1><\/div>\n<\/div><\/div>\n<\/div>\n\n\n\n<div class=\"wp-block-column is-layout-flow wp-block-column-is-layout-flow\">\n<div class=\"wp-block-casasoft-blocks-image border-radius hero-image\"><img decoding=\"async\" src=\"https:\/\/regie-broye.ch\/wp-content\/uploads\/sites\/19\/2025\/11\/ppe-1-scaled.webp\" alt=\"\" class=\"cs-image img-fluid semi-portrait hd\"\/><\/div>\n<\/div>\n<\/div>\n<\/div><\/div>\n\n\n\n<div class=\"wp-block-casasoft-blocks-container spacer-top-large spacer-bottom-large bg-light\"><div class=\"container\">\n<div class=\"wp-block-columns is-layout-flex wp-container-core-columns-is-layout-28f84493 wp-block-columns-is-layout-flex\">\n<div class=\"wp-block-column is-layout-flow wp-block-column-is-layout-flow\" style=\"flex-basis:25%\"><\/div>\n\n\n\n<div class=\"wp-block-column is-layout-flow wp-block-column-is-layout-flow\" style=\"flex-basis:50%\">\n<p class=\"wp-block-casasoft-blocks-text text-small\" style=\"text-align: justify;\">Die Verwaltung von Stockwerkeigentum (STWEG) ist essenziell f\u00fcr die Harmonie Ihrer Miteigent\u00fcmergemeinschaft. Unsere Rolle ist es, eine strikte und transparente Verwaltung zu gew\u00e4hrleisten, indem wir das Budget verwalten, die Arbeiten planen und die Einhaltung der Reglemente sicherstellen.<\/p>\n<\/div>\n\n\n\n<div class=\"wp-block-column is-layout-flow wp-block-column-is-layout-flow\" style=\"flex-basis:25%\"><\/div>\n<\/div>\n<\/div><\/div>\n\n\n\n<div class=\"wp-block-casasoft-blocks-container spacer-top-large spacer-bottom-large bg-primary\"><div class=\"container\">\n<div class=\"wp-block-columns is-layout-flex wp-container-core-columns-is-layout-28f84493 wp-block-columns-is-layout-flex\">\n<div class=\"wp-block-column is-layout-flow wp-block-column-is-layout-flow\">\n<div class=\"wp-block-casasoft-blocks-image\"><img decoding=\"async\" src=\"https:\/\/regie-broye.ch\/wp-content\/uploads\/sites\/19\/2025\/11\/ppe-2-683x1024.webp\" alt=\"\" class=\"cs-image img-fluid original large\"\/><\/div>\n<\/div>\n\n\n\n<div class=\"wp-block-column is-layout-flow wp-block-column-is-layout-flow\">\n<div class=\"wp-block-casasoft-blocks-heading cs-heading\"><div class=\"cs-supertitle\">Kurz gesagt<\/div><h1 class=\"\">STWEG-Verwaltung<\/h1><\/div>\n\n\n\n<p class=\"wp-block-casasoft-blocks-text text-small\" style=\"text-align: justify;\">Die Verwaltung von Stockwerkeigentum (STWEG) ist der Motor f\u00fcr die Performance und die Sorgenfreiheit Ihrer Liegenschaft. Unser Service zielt darauf ab, diese komplexe Verwaltung in einen Vorteil zu verwandeln:<\/p>\n\n\n\n<ul class=\"wp-block-list\">\n<li style=\"text-align: justify;\">Wertsteigerung: Wir planen die Arbeiten und den Unterhalt, um die Werterhaltung der Liegenschaft und ihre Energieperformance zu sichern oder sogar zu steigern.<\/li>\n\n\n\n<li style=\"text-align: justify;\">Buchhaltung: Wir garantieren eine strikte und vollkommen transparente Finanzverwaltung mit klaren Konten und einer Beherrschung der Lasten.<\/li>\n\n\n\n<li style=\"text-align: justify;\">Effizienz: Wir erleichtern die Entscheidungsfindung an den Versammlungen und stellen die Einhaltung der Reglemente der Miteigent\u00fcmergemeinschaft sicher, um Einigkeit und Effizienz f\u00fcr alle zu garantieren.<\/li>\n\n\n\n<li style=\"text-align: justify;\">Sorgenfreiheit: Wir verwalten s\u00e4mtliche administrativen, juristischen und technischen Auflagen.<\/li>\n<\/ul>\n\n\n\n<p class=\"wp-block-casasoft-blocks-text text-small\" style=\"text-align: justify;\">Wir stehen Ihnen jederzeit zur Verf\u00fcgung. Nehmen Sie Kontakt mit unserem Team auf.<\/p>\n\n\n\n<div><a class=\"btn btn-primary btn-primary--alt\" href=\"https:\/\/regie-broye.ch\/de\/kontakt\/\">Kontaktieren Sie uns<\/a><\/div>\n<\/div>\n<\/div>\n<\/div><\/div>\n\n\n\n<div class=\"wp-block-casasoft-blocks-container spacer-top-large spacer-bottom-large bg-light\"><div class=\"container\">\n<div class=\"wp-block-columns is-layout-flex wp-container-core-columns-is-layout-28f84493 wp-block-columns-is-layout-flex\">\n<div class=\"wp-block-column is-layout-flow wp-block-column-is-layout-flow\" style=\"flex-basis:25%\"><\/div>\n\n\n\n<div class=\"wp-block-column is-layout-flow wp-block-column-is-layout-flow\" style=\"flex-basis:60%\">\n<div class=\"wp-block-casasoft-blocks-heading cs-heading\"><div class=\"cs-supertitle\">Wir sind f\u00fcr Sie da<\/div><h1 class=\"\">Kontaktieren Sie uns jederzeit<\/h1><\/div>\n\n\n\n<p class=\"wp-block-casasoft-blocks-text text-small\">Martine Rebeaud \u2013 Direktorin und Delegierte des Verwaltungsrats<br>Anita Fontaine &#8211; STWEG-Verwalterin<br>Cidalia Almeida &#8211; STWEG-Verwalterin<br>Tiffany Marmy &#8211; STWEG-Verwalterin<br>Claudine Joye &#8211; Buchhalterin der STWEG-Abteilung<\/p>\n<\/div>\n\n\n\n<div class=\"wp-block-column is-layout-flow wp-block-column-is-layout-flow\" style=\"flex-basis:25%\"><\/div>\n<\/div>\n<\/div><\/div>\n","protected":false},"excerpt":{"rendered":"","protected":false},"author":1,"featured_media":0,"parent":0,"menu_order":0,"comment_status":"closed","ping_status":"closed","template":"","meta":{"_acf_changed":false,"inline_featured_image":false,"footnotes":""},"class_list":["post-129","page","type-page","status-publish","hentry"],"acf":[],"yoast_head":"<!-- This site is optimized with the Yoast SEO plugin v27.5 - https:\/\/yoast.com\/product\/yoast-seo-wordpress\/ -->\n<title>STWEG-Verwaltung - R\u00e9gie de La Broye<\/title>\n<meta name=\"robots\" content=\"index, follow, max-snippet:-1, max-image-preview:large, max-video-preview:-1\" \/>\n<link rel=\"canonical\" href=\"https:\/\/regie-broye.ch\/administration-ppe\/\" \/>\n<meta property=\"og:locale\" content=\"de_DE\" \/>\n<meta property=\"og:type\" content=\"article\" \/>\n<meta property=\"og:title\" content=\"STWEG-Verwaltung - R\u00e9gie de La Broye\" \/>\n<meta property=\"og:url\" content=\"https:\/\/regie-broye.ch\/administration-ppe\/\" \/>\n<meta property=\"og:site_name\" content=\"R\u00e9gie de La Broye\" \/>\n<meta property=\"article:modified_time\" content=\"2026-01-05T13:09:33+00:00\" \/>\n<meta property=\"og:image\" content=\"https:\/\/regie-broye.ch\/wp-content\/uploads\/sites\/19\/2025\/11\/ppe-1-scaled.webp\" \/>\n<meta name=\"twitter:card\" content=\"summary_large_image\" \/>\n<meta name=\"twitter:label1\" content=\"Gesch\u00e4tzte Lesezeit\" \/>\n\t<meta name=\"twitter:data1\" content=\"2\u00a0Minuten\" \/>\n<script type=\"application\/ld+json\" class=\"yoast-schema-graph\">{\"@context\":\"https:\\\/\\\/schema.org\",\"@graph\":[{\"@type\":\"WebPage\",\"@id\":\"https:\\\/\\\/regie-broye.ch\\\/administration-ppe\\\/\",\"url\":\"https:\\\/\\\/regie-broye.ch\\\/administration-ppe\\\/\",\"name\":\"STWEG-Verwaltung - R\u00e9gie de La Broye\",\"isPartOf\":{\"@id\":\"https:\\\/\\\/regie-broye.ch\\\/#website\"},\"primaryImageOfPage\":{\"@id\":\"https:\\\/\\\/regie-broye.ch\\\/administration-ppe\\\/#primaryimage\"},\"image\":{\"@id\":\"https:\\\/\\\/regie-broye.ch\\\/administration-ppe\\\/#primaryimage\"},\"thumbnailUrl\":\"https:\\\/\\\/regie-broye.ch\\\/wp-content\\\/uploads\\\/sites\\\/19\\\/2025\\\/11\\\/ppe-1-scaled.webp\",\"datePublished\":\"2025-11-25T08:41:42+00:00\",\"dateModified\":\"2026-01-05T13:09:33+00:00\",\"breadcrumb\":{\"@id\":\"https:\\\/\\\/regie-broye.ch\\\/administration-ppe\\\/#breadcrumb\"},\"inLanguage\":\"de\",\"potentialAction\":[{\"@type\":\"ReadAction\",\"target\":[\"https:\\\/\\\/regie-broye.ch\\\/administration-ppe\\\/\"]}]},{\"@type\":\"ImageObject\",\"inLanguage\":\"de\",\"@id\":\"https:\\\/\\\/regie-broye.ch\\\/administration-ppe\\\/#primaryimage\",\"url\":\"https:\\\/\\\/regie-broye.ch\\\/wp-content\\\/uploads\\\/sites\\\/19\\\/2025\\\/11\\\/ppe-1-scaled.webp\",\"contentUrl\":\"https:\\\/\\\/regie-broye.ch\\\/wp-content\\\/uploads\\\/sites\\\/19\\\/2025\\\/11\\\/ppe-1-scaled.webp\"},{\"@type\":\"BreadcrumbList\",\"@id\":\"https:\\\/\\\/regie-broye.ch\\\/administration-ppe\\\/#breadcrumb\",\"itemListElement\":[{\"@type\":\"ListItem\",\"position\":1,\"name\":\"Home\",\"item\":\"https:\\\/\\\/regie-broye.ch\\\/de\\\/\"},{\"@type\":\"ListItem\",\"position\":2,\"name\":\"STWEG-Verwaltung\"}]},{\"@type\":\"WebSite\",\"@id\":\"https:\\\/\\\/regie-broye.ch\\\/#website\",\"url\":\"https:\\\/\\\/regie-broye.ch\\\/\",\"name\":\"R\u00e9gie de La Broye\",\"description\":\"\",\"publisher\":{\"@id\":\"https:\\\/\\\/regie-broye.ch\\\/#organization\"},\"potentialAction\":[{\"@type\":\"SearchAction\",\"target\":{\"@type\":\"EntryPoint\",\"urlTemplate\":\"https:\\\/\\\/regie-broye.ch\\\/?s={search_term_string}\"},\"query-input\":{\"@type\":\"PropertyValueSpecification\",\"valueRequired\":true,\"valueName\":\"search_term_string\"}}],\"inLanguage\":\"de\"},{\"@type\":\"Organization\",\"@id\":\"https:\\\/\\\/regie-broye.ch\\\/#organization\",\"name\":\"R\u00e9gie de La Broye\",\"url\":\"https:\\\/\\\/regie-broye.ch\\\/\",\"logo\":{\"@type\":\"ImageObject\",\"inLanguage\":\"de\",\"@id\":\"https:\\\/\\\/regie-broye.ch\\\/#\\\/schema\\\/logo\\\/image\\\/\",\"url\":\"https:\\\/\\\/regie-broye.ch\\\/wp-content\\\/uploads\\\/sites\\\/19\\\/2025\\\/11\\\/download.png\",\"contentUrl\":\"https:\\\/\\\/regie-broye.ch\\\/wp-content\\\/uploads\\\/sites\\\/19\\\/2025\\\/11\\\/download.png\",\"width\":973,\"height\":379,\"caption\":\"R\u00e9gie de La Broye\"},\"image\":{\"@id\":\"https:\\\/\\\/regie-broye.ch\\\/#\\\/schema\\\/logo\\\/image\\\/\"}}]}<\/script>\n<!-- \/ Yoast SEO plugin. -->","yoast_head_json":{"title":"STWEG-Verwaltung - R\u00e9gie de La Broye","robots":{"index":"index","follow":"follow","max-snippet":"max-snippet:-1","max-image-preview":"max-image-preview:large","max-video-preview":"max-video-preview:-1"},"canonical":"https:\/\/regie-broye.ch\/administration-ppe\/","og_locale":"de_DE","og_type":"article","og_title":"STWEG-Verwaltung - R\u00e9gie de La Broye","og_url":"https:\/\/regie-broye.ch\/administration-ppe\/","og_site_name":"R\u00e9gie de La Broye","article_modified_time":"2026-01-05T13:09:33+00:00","og_image":[{"url":"https:\/\/regie-broye.ch\/wp-content\/uploads\/sites\/19\/2025\/11\/ppe-1-scaled.webp","type":"","width":"","height":""}],"twitter_card":"summary_large_image","twitter_misc":{"Gesch\u00e4tzte Lesezeit":"2\u00a0Minuten"},"schema":{"@context":"https:\/\/schema.org","@graph":[{"@type":"WebPage","@id":"https:\/\/regie-broye.ch\/administration-ppe\/","url":"https:\/\/regie-broye.ch\/administration-ppe\/","name":"STWEG-Verwaltung - R\u00e9gie de La Broye","isPartOf":{"@id":"https:\/\/regie-broye.ch\/#website"},"primaryImageOfPage":{"@id":"https:\/\/regie-broye.ch\/administration-ppe\/#primaryimage"},"image":{"@id":"https:\/\/regie-broye.ch\/administration-ppe\/#primaryimage"},"thumbnailUrl":"https:\/\/regie-broye.ch\/wp-content\/uploads\/sites\/19\/2025\/11\/ppe-1-scaled.webp","datePublished":"2025-11-25T08:41:42+00:00","dateModified":"2026-01-05T13:09:33+00:00","breadcrumb":{"@id":"https:\/\/regie-broye.ch\/administration-ppe\/#breadcrumb"},"inLanguage":"de","potentialAction":[{"@type":"ReadAction","target":["https:\/\/regie-broye.ch\/administration-ppe\/"]}]},{"@type":"ImageObject","inLanguage":"de","@id":"https:\/\/regie-broye.ch\/administration-ppe\/#primaryimage","url":"https:\/\/regie-broye.ch\/wp-content\/uploads\/sites\/19\/2025\/11\/ppe-1-scaled.webp","contentUrl":"https:\/\/regie-broye.ch\/wp-content\/uploads\/sites\/19\/2025\/11\/ppe-1-scaled.webp"},{"@type":"BreadcrumbList","@id":"https:\/\/regie-broye.ch\/administration-ppe\/#breadcrumb","itemListElement":[{"@type":"ListItem","position":1,"name":"Home","item":"https:\/\/regie-broye.ch\/de\/"},{"@type":"ListItem","position":2,"name":"STWEG-Verwaltung"}]},{"@type":"WebSite","@id":"https:\/\/regie-broye.ch\/#website","url":"https:\/\/regie-broye.ch\/","name":"R\u00e9gie de La Broye","description":"","publisher":{"@id":"https:\/\/regie-broye.ch\/#organization"},"potentialAction":[{"@type":"SearchAction","target":{"@type":"EntryPoint","urlTemplate":"https:\/\/regie-broye.ch\/?s={search_term_string}"},"query-input":{"@type":"PropertyValueSpecification","valueRequired":true,"valueName":"search_term_string"}}],"inLanguage":"de"},{"@type":"Organization","@id":"https:\/\/regie-broye.ch\/#organization","name":"R\u00e9gie de La Broye","url":"https:\/\/regie-broye.ch\/","logo":{"@type":"ImageObject","inLanguage":"de","@id":"https:\/\/regie-broye.ch\/#\/schema\/logo\/image\/","url":"https:\/\/regie-broye.ch\/wp-content\/uploads\/sites\/19\/2025\/11\/download.png","contentUrl":"https:\/\/regie-broye.ch\/wp-content\/uploads\/sites\/19\/2025\/11\/download.png","width":973,"height":379,"caption":"R\u00e9gie de La Broye"},"image":{"@id":"https:\/\/regie-broye.ch\/#\/schema\/logo\/image\/"}}]}},"_links":{"self":[{"href":"https:\/\/regie-broye.ch\/de\/wp-json\/wp\/v2\/pages\/129","targetHints":{"allow":["GET"]}}],"collection":[{"href":"https:\/\/regie-broye.ch\/de\/wp-json\/wp\/v2\/pages"}],"about":[{"href":"https:\/\/regie-broye.ch\/de\/wp-json\/wp\/v2\/types\/page"}],"author":[{"embeddable":true,"href":"https:\/\/regie-broye.ch\/de\/wp-json\/wp\/v2\/users\/1"}],"replies":[{"embeddable":true,"href":"https:\/\/regie-broye.ch\/de\/wp-json\/wp\/v2\/comments?post=129"}],"version-history":[{"count":0,"href":"https:\/\/regie-broye.ch\/de\/wp-json\/wp\/v2\/pages\/129\/revisions"}],"wp:attachment":[{"href":"https:\/\/regie-broye.ch\/de\/wp-json\/wp\/v2\/media?parent=129"}],"curies":[{"name":"wp","href":"https:\/\/api.w.org\/{rel}","templated":true}]}}