{"id":128,"date":"2025-11-25T08:40:12","date_gmt":"2025-11-25T08:40:12","guid":{"rendered":"https:\/\/regie-broye.onyx.casasoft.ch\/gerance-immobiliere\/"},"modified":"2026-01-05T12:30:13","modified_gmt":"2026-01-05T12:30:13","slug":"immobilienverwaltung","status":"publish","type":"page","link":"https:\/\/regie-broye.ch\/de\/immobilienverwaltung\/","title":{"rendered":"Immobilienverwaltung"},"content":{"rendered":"\n<div class=\"wp-block-casasoft-blocks-container  bg-white align-items-lg-center cs-hero\"><div class=\"container\">\n<div class=\"wp-block-columns is-layout-flex wp-container-core-columns-is-layout-28f84493 wp-block-columns-is-layout-flex\">\n<div class=\"wp-block-column is-layout-flow wp-block-column-is-layout-flow\">\n<div class=\"wp-block-casasoft-blocks-card cs-card border-radius  large bg-white\"><div class=\"cs-card-content\">\n<div class=\"wp-block-casasoft-blocks-heading cs-heading\"><div class=\"cs-supertitle\">Wir unterst\u00fctzen Sie<\/div><h1 class=\"\">Immobilienverwaltung<\/h1><\/div>\n<\/div><\/div>\n<\/div>\n\n\n\n<div class=\"wp-block-column is-layout-flow wp-block-column-is-layout-flow\">\n<div class=\"wp-block-casasoft-blocks-image border-radius hero-image\"><img decoding=\"async\" src=\"https:\/\/regie-broye.ch\/wp-content\/uploads\/sites\/19\/2025\/11\/gerance-1-scaled.webp\" alt=\"\" class=\"cs-image img-fluid semi-portrait hd\"\/><\/div>\n<\/div>\n<\/div>\n<\/div><\/div>\n\n\n\n<div class=\"wp-block-casasoft-blocks-container spacer-top-large spacer-bottom-large bg-primary\"><div class=\"container\">\n<div class=\"wp-block-columns is-layout-flex wp-container-core-columns-is-layout-28f84493 wp-block-columns-is-layout-flex\">\n<div class=\"wp-block-column is-layout-flow wp-block-column-is-layout-flow\" style=\"flex-basis:25%\"><\/div>\n\n\n\n<div class=\"wp-block-column is-layout-flow wp-block-column-is-layout-flow\" style=\"flex-basis:50%\">\n<p class=\"wp-block-casasoft-blocks-text text-small\" style=\"text-align: justify;\">Die Liegenschaftsverwaltung ist weit mehr als nur die Mieten zu verwalten. Sie gew\u00e4hrleistet die Werterhaltung Ihrer Immobilie und bietet Ihnen gleichzeitig absolute Sorgenfreiheit. Wir k\u00fcmmern uns um Ihre gesamte Liegenschaft, von der Mietverwaltung bis hin zur strengen technischen Wartung.<\/p>\n<\/div>\n\n\n\n<div class=\"wp-block-column is-layout-flow wp-block-column-is-layout-flow\" style=\"flex-basis:25%\"><\/div>\n<\/div>\n<\/div><\/div>\n\n\n\n<div class=\"wp-block-casasoft-blocks-container spacer-top-large spacer-bottom-large bg-white  cs-cards-container\"><div class=\"container\">\n<div class=\"wp-block-casasoft-blocks-heading cs-heading\"><div class=\"cs-supertitle\">Drei gute Gr\u00fcnde<\/div><h1 class=\"\">Warum die R\u00e9gie de la Broye SA&nbsp;?<\/h1><\/div>\n\n\n\n<div class=\"wp-block-columns is-layout-flex wp-container-core-columns-is-layout-28f84493 wp-block-columns-is-layout-flex\">\n<div class=\"wp-block-column is-layout-flow wp-block-column-is-layout-flow\">\n<div class=\"wp-block-casasoft-blocks-card cs-card border-radius image-icon medium bg-light\"><div class=\"cs-card-image-blocker\"><\/div><div class=\"cs-card-image\" style=\"background-image:url(https:\/\/regie-broye.ch\/wp-content\/uploads\/sites\/19\/2025\/12\/Frame-1.svg)\"><\/div><div class=\"cs-card-content\">\n<div class=\"wp-block-casasoft-blocks-heading cs-heading\"><h2 class=\"\">Erfahrung<\/h2><\/div>\n\n\n\n<p class=\"wp-block-casasoft-blocks-text text-small\" style=\"text-align: justify;\">Die Verwaltung Ihrer Liegenschaft durch unsere Agentur sichert Ihnen Effizienz und ein umfassendes Gesamtmanagement (juristisch, technisch, buchhalterisch) zu. Sie behalten die Gewinne, wir k\u00fcmmern uns um die Probleme.<\/p>\n<\/div><\/div>\n<\/div>\n\n\n\n<div class=\"wp-block-column is-layout-flow wp-block-column-is-layout-flow\">\n<div class=\"wp-block-casasoft-blocks-card cs-card border-radius image-icon medium bg-light\"><div class=\"cs-card-image-blocker\"><\/div><div class=\"cs-card-image\" style=\"background-image:url(https:\/\/regie-broye.ch\/wp-content\/uploads\/sites\/19\/2025\/12\/example.svg)\"><\/div><div class=\"cs-card-content\">\n<div class=\"wp-block-casasoft-blocks-heading cs-heading\"><h2 class=\"\">N\u00e4he<\/h2><\/div>\n\n\n\n<p class=\"wp-block-casasoft-blocks-text text-small\" style=\"text-align: justify;\">Unsere interne Organisation gew\u00e4hrleistet eine schnelle Intervention und einen pers\u00f6nlichen Service. Sie haben einen Ansprechpartner, der Ihre Liegenschaft und Ihre Ziele kennt.<\/p>\n<\/div><\/div>\n<\/div>\n\n\n\n<div class=\"wp-block-column is-layout-flow wp-block-column-is-layout-flow\">\n<div class=\"wp-block-casasoft-blocks-card cs-card border-radius image-icon medium bg-light\"><div class=\"cs-card-image-blocker\"><\/div><div class=\"cs-card-image\" style=\"background-image:url(https:\/\/regie-broye.ch\/wp-content\/uploads\/sites\/19\/2025\/12\/Frame-1-1.svg)\"><\/div><div class=\"cs-card-content\">\n<div class=\"wp-block-casasoft-blocks-heading cs-heading\"><h2 class=\"\">Leidenschaft<\/h2><\/div>\n\n\n\n<p class=\"wp-block-casasoft-blocks-text text-small\" style=\"text-align: justify;\">F\u00fcr uns ist dies nicht nur ein Job, es ist der Wille, etwas gut zu machen. Wir garantieren Aufmerksamkeit f\u00fcr das Detail, sei es bei der Auswahl eines Mieters oder der \u00dcberwachung einer Baustelle.<\/p>\n<\/div><\/div>\n<\/div>\n<\/div>\n<\/div><\/div>\n\n\n\n<div class=\"wp-block-casasoft-blocks-container spacer-top-large spacer-bottom-large bg-light\"><div class=\"container\">\n<div class=\"wp-block-columns is-layout-flex wp-container-core-columns-is-layout-28f84493 wp-block-columns-is-layout-flex\">\n<div class=\"wp-block-column is-layout-flow wp-block-column-is-layout-flow\">\n<div class=\"wp-block-casasoft-blocks-image\"><img decoding=\"async\" src=\"https:\/\/regie-broye.ch\/wp-content\/uploads\/sites\/19\/2025\/11\/gerance-2-1024x683.webp\" alt=\"\" class=\"cs-image img-fluid original large\"\/><\/div>\n<\/div>\n\n\n\n<div class=\"wp-block-column is-layout-flow wp-block-column-is-layout-flow\">\n<div class=\"wp-block-casasoft-blocks-heading cs-heading\"><div class=\"cs-supertitle\">Brauchen Sie eine Immobilienverwaltung&nbsp;?<\/div><h1 class=\"\">Reden wir \u00fcber Ihre Liegenschaft<\/h1><\/div>\n\n\n\n<p class=\"wp-block-casasoft-blocks-text text-small\" style=\"text-align: justify;\">Wir stehen Ihnen f\u00fcr ein Gespr\u00e4ch \u00fcber Ihre Bed\u00fcrfnisse zur Verf\u00fcgung. Nehmen Sie Kontakt mit unserem Team auf.<\/p>\n\n\n\n<div class=\"wp-block-casasoft-blocks-flexwrapper d-flex flex-wrap gap-default  flex-lg-row justify-content-start\">\n<div><a class=\"btn btn-primary \" href=\"https:\/\/regie-broye.ch\/de\/kontakt\/\">Kontaktieren Sie uns<\/a><\/div>\n<\/div>\n<\/div>\n<\/div>\n<\/div><\/div>\n\n\n\n<div class=\"wp-block-casasoft-blocks-container spacer-top-large spacer-bottom-large bg-primary\"><div class=\"container\">\n<div class=\"wp-block-columns is-layout-flex wp-container-core-columns-is-layout-28f84493 wp-block-columns-is-layout-flex\">\n<div class=\"wp-block-column is-layout-flow wp-block-column-is-layout-flow\" style=\"flex-basis:25%\"><\/div>\n\n\n\n<div class=\"wp-block-column is-layout-flow wp-block-column-is-layout-flow\" style=\"flex-basis:60%\">\n<div class=\"wp-block-casasoft-blocks-heading cs-heading\"><div class=\"cs-supertitle\">Wir sind f\u00fcr Sie da<\/div><h1 class=\"\">Kontaktieren Sie uns jederzeit<\/h1><\/div>\n\n\n\n<p class=\"wp-block-casasoft-blocks-text text-small\">Martine Rebeaud \u2013 Direktorin und Delegierte des Verwaltungsrats<br>Cidalia Almeida &#8211; Liegenschaftsverwalterin<br>Anne Bangerter &#8211; Liegenschaftsverwalterin<br>Tiffany Marmy &#8211; Liegenschaftsverwalterin<br>Jonathan R\u00fcttimann &#8211; Junior Technischer Verwalter<br>St\u00e9phanie Lagger &#8211; Verwalterin der Vermietungsabteilung<\/p>\n<\/div>\n\n\n\n<div class=\"wp-block-column is-layout-flow wp-block-column-is-layout-flow\" style=\"flex-basis:25%\"><\/div>\n<\/div>\n<\/div><\/div>\n","protected":false},"excerpt":{"rendered":"","protected":false},"author":1,"featured_media":0,"parent":0,"menu_order":0,"comment_status":"closed","ping_status":"closed","template":"","meta":{"_acf_changed":false,"inline_featured_image":false,"footnotes":""},"class_list":["post-128","page","type-page","status-publish","hentry"],"acf":[],"yoast_head":"<!-- This site is optimized with the Yoast SEO plugin v27.5 - https:\/\/yoast.com\/product\/yoast-seo-wordpress\/ -->\n<title>Immobilienverwaltung - R\u00e9gie de La Broye<\/title>\n<meta name=\"robots\" content=\"index, follow, max-snippet:-1, max-image-preview:large, max-video-preview:-1\" \/>\n<link rel=\"canonical\" href=\"https:\/\/regie-broye.ch\/gerance-immobiliere\/\" \/>\n<meta property=\"og:locale\" content=\"de_DE\" \/>\n<meta property=\"og:type\" content=\"article\" \/>\n<meta property=\"og:title\" content=\"Immobilienverwaltung - R\u00e9gie de La Broye\" \/>\n<meta property=\"og:url\" content=\"https:\/\/regie-broye.ch\/gerance-immobiliere\/\" \/>\n<meta property=\"og:site_name\" content=\"R\u00e9gie de La Broye\" \/>\n<meta property=\"article:modified_time\" content=\"2026-01-05T12:30:13+00:00\" \/>\n<meta property=\"og:image\" content=\"https:\/\/regie-broye.ch\/wp-content\/uploads\/sites\/19\/2025\/11\/gerance-1-scaled.webp\" \/>\n<meta name=\"twitter:card\" content=\"summary_large_image\" \/>\n<meta name=\"twitter:label1\" content=\"Gesch\u00e4tzte Lesezeit\" \/>\n\t<meta name=\"twitter:data1\" content=\"2\u00a0Minuten\" \/>\n<script type=\"application\/ld+json\" class=\"yoast-schema-graph\">{\"@context\":\"https:\\\/\\\/schema.org\",\"@graph\":[{\"@type\":\"WebPage\",\"@id\":\"https:\\\/\\\/regie-broye.ch\\\/gerance-immobiliere\\\/\",\"url\":\"https:\\\/\\\/regie-broye.ch\\\/gerance-immobiliere\\\/\",\"name\":\"Immobilienverwaltung - R\u00e9gie de La Broye\",\"isPartOf\":{\"@id\":\"https:\\\/\\\/regie-broye.ch\\\/#website\"},\"primaryImageOfPage\":{\"@id\":\"https:\\\/\\\/regie-broye.ch\\\/gerance-immobiliere\\\/#primaryimage\"},\"image\":{\"@id\":\"https:\\\/\\\/regie-broye.ch\\\/gerance-immobiliere\\\/#primaryimage\"},\"thumbnailUrl\":\"https:\\\/\\\/regie-broye.ch\\\/wp-content\\\/uploads\\\/sites\\\/19\\\/2025\\\/11\\\/gerance-1-scaled.webp\",\"datePublished\":\"2025-11-25T08:40:12+00:00\",\"dateModified\":\"2026-01-05T12:30:13+00:00\",\"breadcrumb\":{\"@id\":\"https:\\\/\\\/regie-broye.ch\\\/gerance-immobiliere\\\/#breadcrumb\"},\"inLanguage\":\"de\",\"potentialAction\":[{\"@type\":\"ReadAction\",\"target\":[\"https:\\\/\\\/regie-broye.ch\\\/gerance-immobiliere\\\/\"]}]},{\"@type\":\"ImageObject\",\"inLanguage\":\"de\",\"@id\":\"https:\\\/\\\/regie-broye.ch\\\/gerance-immobiliere\\\/#primaryimage\",\"url\":\"https:\\\/\\\/regie-broye.ch\\\/wp-content\\\/uploads\\\/sites\\\/19\\\/2025\\\/11\\\/gerance-1-scaled.webp\",\"contentUrl\":\"https:\\\/\\\/regie-broye.ch\\\/wp-content\\\/uploads\\\/sites\\\/19\\\/2025\\\/11\\\/gerance-1-scaled.webp\"},{\"@type\":\"BreadcrumbList\",\"@id\":\"https:\\\/\\\/regie-broye.ch\\\/gerance-immobiliere\\\/#breadcrumb\",\"itemListElement\":[{\"@type\":\"ListItem\",\"position\":1,\"name\":\"Home\",\"item\":\"https:\\\/\\\/regie-broye.ch\\\/de\\\/\"},{\"@type\":\"ListItem\",\"position\":2,\"name\":\"Immobilienverwaltung\"}]},{\"@type\":\"WebSite\",\"@id\":\"https:\\\/\\\/regie-broye.ch\\\/#website\",\"url\":\"https:\\\/\\\/regie-broye.ch\\\/\",\"name\":\"R\u00e9gie de La Broye\",\"description\":\"\",\"publisher\":{\"@id\":\"https:\\\/\\\/regie-broye.ch\\\/#organization\"},\"potentialAction\":[{\"@type\":\"SearchAction\",\"target\":{\"@type\":\"EntryPoint\",\"urlTemplate\":\"https:\\\/\\\/regie-broye.ch\\\/?s={search_term_string}\"},\"query-input\":{\"@type\":\"PropertyValueSpecification\",\"valueRequired\":true,\"valueName\":\"search_term_string\"}}],\"inLanguage\":\"de\"},{\"@type\":\"Organization\",\"@id\":\"https:\\\/\\\/regie-broye.ch\\\/#organization\",\"name\":\"R\u00e9gie de La Broye\",\"url\":\"https:\\\/\\\/regie-broye.ch\\\/\",\"logo\":{\"@type\":\"ImageObject\",\"inLanguage\":\"de\",\"@id\":\"https:\\\/\\\/regie-broye.ch\\\/#\\\/schema\\\/logo\\\/image\\\/\",\"url\":\"https:\\\/\\\/regie-broye.ch\\\/wp-content\\\/uploads\\\/sites\\\/19\\\/2025\\\/11\\\/download.png\",\"contentUrl\":\"https:\\\/\\\/regie-broye.ch\\\/wp-content\\\/uploads\\\/sites\\\/19\\\/2025\\\/11\\\/download.png\",\"width\":973,\"height\":379,\"caption\":\"R\u00e9gie de La Broye\"},\"image\":{\"@id\":\"https:\\\/\\\/regie-broye.ch\\\/#\\\/schema\\\/logo\\\/image\\\/\"}}]}<\/script>\n<!-- \/ Yoast SEO plugin. -->","yoast_head_json":{"title":"Immobilienverwaltung - R\u00e9gie de La Broye","robots":{"index":"index","follow":"follow","max-snippet":"max-snippet:-1","max-image-preview":"max-image-preview:large","max-video-preview":"max-video-preview:-1"},"canonical":"https:\/\/regie-broye.ch\/gerance-immobiliere\/","og_locale":"de_DE","og_type":"article","og_title":"Immobilienverwaltung - R\u00e9gie de La Broye","og_url":"https:\/\/regie-broye.ch\/gerance-immobiliere\/","og_site_name":"R\u00e9gie de La Broye","article_modified_time":"2026-01-05T12:30:13+00:00","og_image":[{"url":"https:\/\/regie-broye.ch\/wp-content\/uploads\/sites\/19\/2025\/11\/gerance-1-scaled.webp","type":"","width":"","height":""}],"twitter_card":"summary_large_image","twitter_misc":{"Gesch\u00e4tzte Lesezeit":"2\u00a0Minuten"},"schema":{"@context":"https:\/\/schema.org","@graph":[{"@type":"WebPage","@id":"https:\/\/regie-broye.ch\/gerance-immobiliere\/","url":"https:\/\/regie-broye.ch\/gerance-immobiliere\/","name":"Immobilienverwaltung - R\u00e9gie de La Broye","isPartOf":{"@id":"https:\/\/regie-broye.ch\/#website"},"primaryImageOfPage":{"@id":"https:\/\/regie-broye.ch\/gerance-immobiliere\/#primaryimage"},"image":{"@id":"https:\/\/regie-broye.ch\/gerance-immobiliere\/#primaryimage"},"thumbnailUrl":"https:\/\/regie-broye.ch\/wp-content\/uploads\/sites\/19\/2025\/11\/gerance-1-scaled.webp","datePublished":"2025-11-25T08:40:12+00:00","dateModified":"2026-01-05T12:30:13+00:00","breadcrumb":{"@id":"https:\/\/regie-broye.ch\/gerance-immobiliere\/#breadcrumb"},"inLanguage":"de","potentialAction":[{"@type":"ReadAction","target":["https:\/\/regie-broye.ch\/gerance-immobiliere\/"]}]},{"@type":"ImageObject","inLanguage":"de","@id":"https:\/\/regie-broye.ch\/gerance-immobiliere\/#primaryimage","url":"https:\/\/regie-broye.ch\/wp-content\/uploads\/sites\/19\/2025\/11\/gerance-1-scaled.webp","contentUrl":"https:\/\/regie-broye.ch\/wp-content\/uploads\/sites\/19\/2025\/11\/gerance-1-scaled.webp"},{"@type":"BreadcrumbList","@id":"https:\/\/regie-broye.ch\/gerance-immobiliere\/#breadcrumb","itemListElement":[{"@type":"ListItem","position":1,"name":"Home","item":"https:\/\/regie-broye.ch\/de\/"},{"@type":"ListItem","position":2,"name":"Immobilienverwaltung"}]},{"@type":"WebSite","@id":"https:\/\/regie-broye.ch\/#website","url":"https:\/\/regie-broye.ch\/","name":"R\u00e9gie de La Broye","description":"","publisher":{"@id":"https:\/\/regie-broye.ch\/#organization"},"potentialAction":[{"@type":"SearchAction","target":{"@type":"EntryPoint","urlTemplate":"https:\/\/regie-broye.ch\/?s={search_term_string}"},"query-input":{"@type":"PropertyValueSpecification","valueRequired":true,"valueName":"search_term_string"}}],"inLanguage":"de"},{"@type":"Organization","@id":"https:\/\/regie-broye.ch\/#organization","name":"R\u00e9gie de La Broye","url":"https:\/\/regie-broye.ch\/","logo":{"@type":"ImageObject","inLanguage":"de","@id":"https:\/\/regie-broye.ch\/#\/schema\/logo\/image\/","url":"https:\/\/regie-broye.ch\/wp-content\/uploads\/sites\/19\/2025\/11\/download.png","contentUrl":"https:\/\/regie-broye.ch\/wp-content\/uploads\/sites\/19\/2025\/11\/download.png","width":973,"height":379,"caption":"R\u00e9gie de La Broye"},"image":{"@id":"https:\/\/regie-broye.ch\/#\/schema\/logo\/image\/"}}]}},"_links":{"self":[{"href":"https:\/\/regie-broye.ch\/de\/wp-json\/wp\/v2\/pages\/128","targetHints":{"allow":["GET"]}}],"collection":[{"href":"https:\/\/regie-broye.ch\/de\/wp-json\/wp\/v2\/pages"}],"about":[{"href":"https:\/\/regie-broye.ch\/de\/wp-json\/wp\/v2\/types\/page"}],"author":[{"embeddable":true,"href":"https:\/\/regie-broye.ch\/de\/wp-json\/wp\/v2\/users\/1"}],"replies":[{"embeddable":true,"href":"https:\/\/regie-broye.ch\/de\/wp-json\/wp\/v2\/comments?post=128"}],"version-history":[{"count":0,"href":"https:\/\/regie-broye.ch\/de\/wp-json\/wp\/v2\/pages\/128\/revisions"}],"wp:attachment":[{"href":"https:\/\/regie-broye.ch\/de\/wp-json\/wp\/v2\/media?parent=128"}],"curies":[{"name":"wp","href":"https:\/\/api.w.org\/{rel}","templated":true}]}}