{"id":127,"date":"2025-11-25T08:08:25","date_gmt":"2025-11-25T08:08:25","guid":{"rendered":"https:\/\/regie-broye.onyx.casasoft.ch\/services\/"},"modified":"2026-01-05T12:26:56","modified_gmt":"2026-01-05T12:26:56","slug":"dienstleistungen","status":"publish","type":"page","link":"https:\/\/regie-broye.ch\/de\/dienstleistungen\/","title":{"rendered":"Dienstleistungen"},"content":{"rendered":"\n<div class=\"wp-block-casasoft-blocks-container  bg-white align-items-lg-center cs-hero\"><div class=\"container\">\n<div class=\"wp-block-columns is-layout-flex wp-container-core-columns-is-layout-28f84493 wp-block-columns-is-layout-flex\">\n<div class=\"wp-block-column is-layout-flow wp-block-column-is-layout-flow\">\n<div class=\"wp-block-casasoft-blocks-card cs-card border-radius  large bg-white\"><div class=\"cs-card-content\">\n<div class=\"wp-block-casasoft-blocks-heading cs-heading\"><div class=\"cs-supertitle\">Dienstleistungen<\/div><h1 class=\"\">Entdecken Sie unsere Dienstleistungen<\/h1><\/div>\n<\/div><\/div>\n<\/div>\n\n\n\n<div class=\"wp-block-column is-layout-flow wp-block-column-is-layout-flow\">\n<div class=\"wp-block-casasoft-blocks-image border-radius hero-image\"><img decoding=\"async\" src=\"https:\/\/regie-broye.ch\/wp-content\/uploads\/sites\/19\/2025\/11\/service-1.webp\" alt=\"\" class=\"cs-image img-fluid semi-portrait hd\"\/><\/div>\n<\/div>\n<\/div>\n<\/div><\/div>\n\n\n\n<div class=\"wp-block-casasoft-blocks-container spacer-top-large spacer-bottom-large bg-primary\"><div class=\"container\">\n<div class=\"wp-block-columns is-layout-flex wp-container-core-columns-is-layout-28f84493 wp-block-columns-is-layout-flex\">\n<div class=\"wp-block-column is-layout-flow wp-block-column-is-layout-flow\" style=\"flex-basis:25%\"><\/div>\n\n\n\n<div class=\"wp-block-column is-layout-flow wp-block-column-is-layout-flow\" style=\"flex-basis:50%\">\n<div class=\"wp-block-casasoft-blocks-heading cs-heading\"><div class=\"cs-supertitle\">Unsere Dienstleistungen<\/div><h1 class=\"\">Immobilienverwaltung und STWEG-Verwaltung<\/h1><\/div>\n\n\n\n<p class=\"wp-block-casasoft-blocks-text text-small\" style=\"text-align: justify;\">Unsere Mission ist klar: eine vollumf\u00e4ngliche Immobilienverwaltung zu gew\u00e4hrleisten. Wir decken Ihre gesamten Bed\u00fcrfnisse mit Kompetenz und Professionalit\u00e4t ab. Dieses Fachwissen wird von einem ortsnahen und pers\u00f6nlichen Service begleitet, der unseren Unterschied ausmacht.<\/p>\n<\/div>\n\n\n\n<div class=\"wp-block-column is-layout-flow wp-block-column-is-layout-flow\" style=\"flex-basis:25%\"><\/div>\n<\/div>\n<\/div><\/div>\n\n\n\n<div class=\"wp-block-casasoft-blocks-container spacer-top-large spacer-bottom-large bg-white  cs-cards-container\"><div class=\"container\">\n<div class=\"wp-block-columns is-layout-flex wp-container-core-columns-is-layout-28f84493 wp-block-columns-is-layout-flex\">\n<div class=\"wp-block-column is-layout-flow wp-block-column-is-layout-flow\">\n<div class=\"wp-block-casasoft-blocks-card cs-card border-radius  medium bg-primary\"><div class=\"cs-card-image-blocker\"><\/div><div class=\"cs-card-image\" style=\"background-image:url(https:\/\/regie-broye.ch\/wp-content\/uploads\/sites\/19\/2025\/11\/service-gerance-scaled.webp)\"><\/div><div class=\"cs-card-content\">\n<div class=\"wp-block-casasoft-blocks-heading cs-heading\"><h2 class=\"\">Immobilienverwaltung<\/h2><\/div>\n\n\n\n<p class=\"wp-block-casasoft-blocks-text text-small\" style=\"text-align: justify;\">Die Liegenschaftsverwaltung ist weit mehr als nur die Verwaltung der Mieten. Sie gew\u00e4hrleistet die Werterhaltung Ihrer Immobilie und bietet Ihnen gleichzeitig absolute Sorgenfreiheit. Wir k\u00fcmmern uns um Ihre gesamte Liegenschaft, von der Mietverwaltung bis hin zur strengen technischen Wartung.<\/p>\n\n\n\n<div class=\"wp-block-casasoft-blocks-flexwrapper d-flex flex-wrap gap-default  flex-lg-row justify-content-end\">\n<div><a class=\"btn btn-primary btn-primary--alt\" href=\"https:\/\/regie-broye.ch\/de\/immobilienverwaltung\/\">Mehr erfahren<\/a><\/div>\n<\/div>\n<\/div><\/div>\n<\/div>\n\n\n\n<div class=\"wp-block-column is-layout-flow wp-block-column-is-layout-flow\">\n<div class=\"wp-block-casasoft-blocks-card cs-card border-radius  medium bg-primary\"><div class=\"cs-card-image-blocker\"><\/div><div class=\"cs-card-image\" style=\"background-image:url(https:\/\/regie-broye.ch\/wp-content\/uploads\/sites\/19\/2025\/11\/service-ppe.webp)\"><\/div><div class=\"cs-card-content\">\n<div class=\"wp-block-casasoft-blocks-heading cs-heading\"><h2 class=\"\">STWEG-Verwaltung<\/h2><\/div>\n\n\n\n<p class=\"wp-block-casasoft-blocks-text text-small\" style=\"text-align: justify;\">Die Verwaltung von Stockwerkeigentum (STWEG) ist essenziell f\u00fcr die Harmonie Ihrer Miteigent\u00fcmergemeinschaft. Unsere Rolle ist es, eine strikte und transparente Verwaltung zu gew\u00e4hrleisten, indem wir das Budget verwalten, die Arbeiten planen und die Einhaltung der Reglemente sicherstellen.<\/p>\n\n\n\n<div class=\"wp-block-casasoft-blocks-flexwrapper d-flex flex-wrap gap-default  flex-lg-row justify-content-end\">\n<div><a class=\"btn btn-primary btn-primary--alt\" href=\"https:\/\/regie-broye.ch\/de\/stweg-verwaltung\/\">Mehr erfahren<\/a><\/div>\n<\/div>\n<\/div><\/div>\n<\/div>\n<\/div>\n<\/div><\/div>\n","protected":false},"excerpt":{"rendered":"","protected":false},"author":1,"featured_media":0,"parent":0,"menu_order":0,"comment_status":"closed","ping_status":"closed","template":"","meta":{"_acf_changed":false,"inline_featured_image":false,"footnotes":""},"class_list":["post-127","page","type-page","status-publish","hentry"],"acf":[],"yoast_head":"<!-- This site is optimized with the Yoast SEO plugin v27.6 - https:\/\/yoast.com\/product\/yoast-seo-wordpress\/ -->\n<title>Dienstleistungen - R\u00e9gie de La Broye<\/title>\n<meta name=\"robots\" content=\"index, follow, max-snippet:-1, max-image-preview:large, max-video-preview:-1\" \/>\n<link rel=\"canonical\" href=\"https:\/\/regie-broye.ch\/de\/dienstleistungen\/\" \/>\n<meta property=\"og:locale\" content=\"de_DE\" \/>\n<meta property=\"og:type\" content=\"article\" \/>\n<meta property=\"og:title\" content=\"Dienstleistungen - R\u00e9gie de La Broye\" \/>\n<meta property=\"og:url\" content=\"https:\/\/regie-broye.ch\/de\/dienstleistungen\/\" \/>\n<meta property=\"og:site_name\" content=\"R\u00e9gie de La Broye\" \/>\n<meta property=\"article:modified_time\" content=\"2026-01-05T12:26:56+00:00\" \/>\n<meta property=\"og:image\" content=\"https:\/\/regie-broye.ch\/wp-content\/uploads\/sites\/19\/2025\/11\/service-1.webp\" \/>\n<meta name=\"twitter:card\" content=\"summary_large_image\" \/>\n<meta name=\"twitter:label1\" content=\"Gesch\u00e4tzte Lesezeit\" \/>\n\t<meta name=\"twitter:data1\" content=\"1\u00a0Minute\" \/>\n<script type=\"application\/ld+json\" class=\"yoast-schema-graph\">{\"@context\":\"https:\\\/\\\/schema.org\",\"@graph\":[{\"@type\":\"WebPage\",\"@id\":\"https:\\\/\\\/regie-broye.ch\\\/de\\\/dienstleistungen\\\/\",\"url\":\"https:\\\/\\\/regie-broye.ch\\\/de\\\/dienstleistungen\\\/\",\"name\":\"Dienstleistungen - R\u00e9gie de La Broye\",\"isPartOf\":{\"@id\":\"https:\\\/\\\/regie-broye.ch\\\/#website\"},\"primaryImageOfPage\":{\"@id\":\"https:\\\/\\\/regie-broye.ch\\\/de\\\/dienstleistungen\\\/#primaryimage\"},\"image\":{\"@id\":\"https:\\\/\\\/regie-broye.ch\\\/de\\\/dienstleistungen\\\/#primaryimage\"},\"thumbnailUrl\":\"https:\\\/\\\/regie-broye.ch\\\/wp-content\\\/uploads\\\/sites\\\/19\\\/2025\\\/11\\\/service-1.webp\",\"datePublished\":\"2025-11-25T08:08:25+00:00\",\"dateModified\":\"2026-01-05T12:26:56+00:00\",\"breadcrumb\":{\"@id\":\"https:\\\/\\\/regie-broye.ch\\\/de\\\/dienstleistungen\\\/#breadcrumb\"},\"inLanguage\":\"de\",\"potentialAction\":[{\"@type\":\"ReadAction\",\"target\":[\"https:\\\/\\\/regie-broye.ch\\\/de\\\/dienstleistungen\\\/\"]}]},{\"@type\":\"ImageObject\",\"inLanguage\":\"de\",\"@id\":\"https:\\\/\\\/regie-broye.ch\\\/de\\\/dienstleistungen\\\/#primaryimage\",\"url\":\"https:\\\/\\\/regie-broye.ch\\\/wp-content\\\/uploads\\\/sites\\\/19\\\/2025\\\/11\\\/service-1.webp\",\"contentUrl\":\"https:\\\/\\\/regie-broye.ch\\\/wp-content\\\/uploads\\\/sites\\\/19\\\/2025\\\/11\\\/service-1.webp\"},{\"@type\":\"BreadcrumbList\",\"@id\":\"https:\\\/\\\/regie-broye.ch\\\/de\\\/dienstleistungen\\\/#breadcrumb\",\"itemListElement\":[{\"@type\":\"ListItem\",\"position\":1,\"name\":\"Home\",\"item\":\"https:\\\/\\\/regie-broye.ch\\\/de\\\/\"},{\"@type\":\"ListItem\",\"position\":2,\"name\":\"Dienstleistungen\"}]},{\"@type\":\"WebSite\",\"@id\":\"https:\\\/\\\/regie-broye.ch\\\/#website\",\"url\":\"https:\\\/\\\/regie-broye.ch\\\/\",\"name\":\"R\u00e9gie de La Broye\",\"description\":\"\",\"publisher\":{\"@id\":\"https:\\\/\\\/regie-broye.ch\\\/#organization\"},\"potentialAction\":[{\"@type\":\"SearchAction\",\"target\":{\"@type\":\"EntryPoint\",\"urlTemplate\":\"https:\\\/\\\/regie-broye.ch\\\/?s={search_term_string}\"},\"query-input\":{\"@type\":\"PropertyValueSpecification\",\"valueRequired\":true,\"valueName\":\"search_term_string\"}}],\"inLanguage\":\"de\"},{\"@type\":\"Organization\",\"@id\":\"https:\\\/\\\/regie-broye.ch\\\/#organization\",\"name\":\"R\u00e9gie de La Broye\",\"url\":\"https:\\\/\\\/regie-broye.ch\\\/\",\"logo\":{\"@type\":\"ImageObject\",\"inLanguage\":\"de\",\"@id\":\"https:\\\/\\\/regie-broye.ch\\\/#\\\/schema\\\/logo\\\/image\\\/\",\"url\":\"https:\\\/\\\/regie-broye.ch\\\/wp-content\\\/uploads\\\/sites\\\/19\\\/2025\\\/11\\\/download.png\",\"contentUrl\":\"https:\\\/\\\/regie-broye.ch\\\/wp-content\\\/uploads\\\/sites\\\/19\\\/2025\\\/11\\\/download.png\",\"width\":973,\"height\":379,\"caption\":\"R\u00e9gie de La Broye\"},\"image\":{\"@id\":\"https:\\\/\\\/regie-broye.ch\\\/#\\\/schema\\\/logo\\\/image\\\/\"}}]}<\/script>\n<!-- \/ Yoast SEO plugin. -->","yoast_head_json":{"title":"Dienstleistungen - R\u00e9gie de La Broye","robots":{"index":"index","follow":"follow","max-snippet":"max-snippet:-1","max-image-preview":"max-image-preview:large","max-video-preview":"max-video-preview:-1"},"canonical":"https:\/\/regie-broye.ch\/de\/dienstleistungen\/","og_locale":"de_DE","og_type":"article","og_title":"Dienstleistungen - R\u00e9gie de La Broye","og_url":"https:\/\/regie-broye.ch\/de\/dienstleistungen\/","og_site_name":"R\u00e9gie de La Broye","article_modified_time":"2026-01-05T12:26:56+00:00","og_image":[{"url":"https:\/\/regie-broye.ch\/wp-content\/uploads\/sites\/19\/2025\/11\/service-1.webp","type":"","width":"","height":""}],"twitter_card":"summary_large_image","twitter_misc":{"Gesch\u00e4tzte Lesezeit":"1\u00a0Minute"},"schema":{"@context":"https:\/\/schema.org","@graph":[{"@type":"WebPage","@id":"https:\/\/regie-broye.ch\/de\/dienstleistungen\/","url":"https:\/\/regie-broye.ch\/de\/dienstleistungen\/","name":"Dienstleistungen - R\u00e9gie de La Broye","isPartOf":{"@id":"https:\/\/regie-broye.ch\/#website"},"primaryImageOfPage":{"@id":"https:\/\/regie-broye.ch\/de\/dienstleistungen\/#primaryimage"},"image":{"@id":"https:\/\/regie-broye.ch\/de\/dienstleistungen\/#primaryimage"},"thumbnailUrl":"https:\/\/regie-broye.ch\/wp-content\/uploads\/sites\/19\/2025\/11\/service-1.webp","datePublished":"2025-11-25T08:08:25+00:00","dateModified":"2026-01-05T12:26:56+00:00","breadcrumb":{"@id":"https:\/\/regie-broye.ch\/de\/dienstleistungen\/#breadcrumb"},"inLanguage":"de","potentialAction":[{"@type":"ReadAction","target":["https:\/\/regie-broye.ch\/de\/dienstleistungen\/"]}]},{"@type":"ImageObject","inLanguage":"de","@id":"https:\/\/regie-broye.ch\/de\/dienstleistungen\/#primaryimage","url":"https:\/\/regie-broye.ch\/wp-content\/uploads\/sites\/19\/2025\/11\/service-1.webp","contentUrl":"https:\/\/regie-broye.ch\/wp-content\/uploads\/sites\/19\/2025\/11\/service-1.webp"},{"@type":"BreadcrumbList","@id":"https:\/\/regie-broye.ch\/de\/dienstleistungen\/#breadcrumb","itemListElement":[{"@type":"ListItem","position":1,"name":"Home","item":"https:\/\/regie-broye.ch\/de\/"},{"@type":"ListItem","position":2,"name":"Dienstleistungen"}]},{"@type":"WebSite","@id":"https:\/\/regie-broye.ch\/#website","url":"https:\/\/regie-broye.ch\/","name":"R\u00e9gie de La Broye","description":"","publisher":{"@id":"https:\/\/regie-broye.ch\/#organization"},"potentialAction":[{"@type":"SearchAction","target":{"@type":"EntryPoint","urlTemplate":"https:\/\/regie-broye.ch\/?s={search_term_string}"},"query-input":{"@type":"PropertyValueSpecification","valueRequired":true,"valueName":"search_term_string"}}],"inLanguage":"de"},{"@type":"Organization","@id":"https:\/\/regie-broye.ch\/#organization","name":"R\u00e9gie de La Broye","url":"https:\/\/regie-broye.ch\/","logo":{"@type":"ImageObject","inLanguage":"de","@id":"https:\/\/regie-broye.ch\/#\/schema\/logo\/image\/","url":"https:\/\/regie-broye.ch\/wp-content\/uploads\/sites\/19\/2025\/11\/download.png","contentUrl":"https:\/\/regie-broye.ch\/wp-content\/uploads\/sites\/19\/2025\/11\/download.png","width":973,"height":379,"caption":"R\u00e9gie de La Broye"},"image":{"@id":"https:\/\/regie-broye.ch\/#\/schema\/logo\/image\/"}}]}},"_links":{"self":[{"href":"https:\/\/regie-broye.ch\/de\/wp-json\/wp\/v2\/pages\/127","targetHints":{"allow":["GET"]}}],"collection":[{"href":"https:\/\/regie-broye.ch\/de\/wp-json\/wp\/v2\/pages"}],"about":[{"href":"https:\/\/regie-broye.ch\/de\/wp-json\/wp\/v2\/types\/page"}],"author":[{"embeddable":true,"href":"https:\/\/regie-broye.ch\/de\/wp-json\/wp\/v2\/users\/1"}],"replies":[{"embeddable":true,"href":"https:\/\/regie-broye.ch\/de\/wp-json\/wp\/v2\/comments?post=127"}],"version-history":[{"count":0,"href":"https:\/\/regie-broye.ch\/de\/wp-json\/wp\/v2\/pages\/127\/revisions"}],"wp:attachment":[{"href":"https:\/\/regie-broye.ch\/de\/wp-json\/wp\/v2\/media?parent=127"}],"curies":[{"name":"wp","href":"https:\/\/api.w.org\/{rel}","templated":true}]}}